{"id":342,"date":"2023-07-27T17:45:41","date_gmt":"2023-07-27T17:45:41","guid":{"rendered":"https:\/\/aquamedica.mx\/aqua2\/?page_id=342"},"modified":"2026-01-22T16:51:16","modified_gmt":"2026-01-22T22:51:16","slug":"catalogo","status":"publish","type":"page","link":"https:\/\/aquamedica.mx\/aqua2\/catalogo\/","title":{"rendered":"CAT\u00c1LOGO"},"content":{"rendered":"\t\t<div data-elementor-type=\"wp-page\" data-elementor-id=\"342\" class=\"elementor elementor-342\">\n\t\t\t\t<div class=\"elementor-element elementor-element-b963f2d e-con-full e-flex e-con e-parent\" data-id=\"b963f2d\" data-element_type=\"container\" data-settings=\"{&quot;background_background&quot;:&quot;gradient&quot;}\">\n\t\t<div class=\"elementor-element elementor-element-b71c5f2 e-con-full e-flex e-con e-child\" data-id=\"b71c5f2\" data-element_type=\"container\">\n\t\t\t\t<div class=\"elementor-element elementor-element-bca3836 elementor-widget elementor-widget-spacer\" data-id=\"bca3836\" data-element_type=\"widget\" data-widget_type=\"spacer.default\">\n\t\t\t\t<div class=\"elementor-widget-container\">\n\t\t\t\t\t\t\t<div class=\"elementor-spacer\">\n\t\t\t<div class=\"elementor-spacer-inner\"><\/div>\n\t\t<\/div>\n\t\t\t\t\t\t<\/div>\n\t\t\t\t<\/div>\n\t\t\t\t<div class=\"elementor-element elementor-element-b5d7557 elementor-widget elementor-widget-image\" data-id=\"b5d7557\" data-element_type=\"widget\" data-widget_type=\"image.default\">\n\t\t\t\t<div class=\"elementor-widget-container\">\n\t\t\t\t\t\t\t\t\t\t\t\t\t\t\t\t<a href=\"https:\/\/aquamedica.mx\/aqua2\/\">\n\t\t\t\t\t\t\t<img fetchpriority=\"high\" decoding=\"async\" width=\"262\" height=\"204\" src=\"https:\/\/aquamedica.mx\/aqua2\/wp-content\/uploads\/2023\/07\/Logo_AQUAMEDICA.png\" class=\"attachment-large size-large wp-image-84\" alt=\"\" \/>\t\t\t\t\t\t\t\t<\/a>\n\t\t\t\t\t\t\t\t\t\t\t\t\t\t\t<\/div>\n\t\t\t\t<\/div>\n\t\t\t\t<\/div>\n\t\t<div class=\"elementor-element elementor-element-712afef e-con-full e-flex e-con e-child\" data-id=\"712afef\" data-element_type=\"container\">\n\t\t\t\t<div class=\"elementor-element elementor-element-5ff88d3 hfe-submenu-animation-slide_up hfe-nav-menu__align-right hfe-submenu-icon-arrow hfe-link-redirect-child hfe-nav-menu__breakpoint-tablet elementor-widget elementor-widget-navigation-menu\" data-id=\"5ff88d3\" data-element_type=\"widget\" data-settings=\"{&quot;padding_horizontal_menu_item&quot;:{&quot;unit&quot;:&quot;px&quot;,&quot;size&quot;:11,&quot;sizes&quot;:[]},&quot;padding_vertical_menu_item&quot;:{&quot;unit&quot;:&quot;px&quot;,&quot;size&quot;:19,&quot;sizes&quot;:[]},&quot;padding_horizontal_menu_item_tablet&quot;:{&quot;unit&quot;:&quot;px&quot;,&quot;size&quot;:&quot;&quot;,&quot;sizes&quot;:[]},&quot;padding_horizontal_menu_item_mobile&quot;:{&quot;unit&quot;:&quot;px&quot;,&quot;size&quot;:&quot;&quot;,&quot;sizes&quot;:[]},&quot;padding_vertical_menu_item_tablet&quot;:{&quot;unit&quot;:&quot;px&quot;,&quot;size&quot;:&quot;&quot;,&quot;sizes&quot;:[]},&quot;padding_vertical_menu_item_mobile&quot;:{&quot;unit&quot;:&quot;px&quot;,&quot;size&quot;:&quot;&quot;,&quot;sizes&quot;:[]},&quot;menu_space_between&quot;:{&quot;unit&quot;:&quot;px&quot;,&quot;size&quot;:&quot;&quot;,&quot;sizes&quot;:[]},&quot;menu_space_between_tablet&quot;:{&quot;unit&quot;:&quot;px&quot;,&quot;size&quot;:&quot;&quot;,&quot;sizes&quot;:[]},&quot;menu_space_between_mobile&quot;:{&quot;unit&quot;:&quot;px&quot;,&quot;size&quot;:&quot;&quot;,&quot;sizes&quot;:[]},&quot;menu_row_space&quot;:{&quot;unit&quot;:&quot;px&quot;,&quot;size&quot;:&quot;&quot;,&quot;sizes&quot;:[]},&quot;menu_row_space_tablet&quot;:{&quot;unit&quot;:&quot;px&quot;,&quot;size&quot;:&quot;&quot;,&quot;sizes&quot;:[]},&quot;menu_row_space_mobile&quot;:{&quot;unit&quot;:&quot;px&quot;,&quot;size&quot;:&quot;&quot;,&quot;sizes&quot;:[]},&quot;dropdown_border_radius&quot;:{&quot;unit&quot;:&quot;px&quot;,&quot;top&quot;:&quot;&quot;,&quot;right&quot;:&quot;&quot;,&quot;bottom&quot;:&quot;&quot;,&quot;left&quot;:&quot;&quot;,&quot;isLinked&quot;:true},&quot;dropdown_border_radius_tablet&quot;:{&quot;unit&quot;:&quot;px&quot;,&quot;top&quot;:&quot;&quot;,&quot;right&quot;:&quot;&quot;,&quot;bottom&quot;:&quot;&quot;,&quot;left&quot;:&quot;&quot;,&quot;isLinked&quot;:true},&quot;dropdown_border_radius_mobile&quot;:{&quot;unit&quot;:&quot;px&quot;,&quot;top&quot;:&quot;&quot;,&quot;right&quot;:&quot;&quot;,&quot;bottom&quot;:&quot;&quot;,&quot;left&quot;:&quot;&quot;,&quot;isLinked&quot;:true},&quot;width_dropdown_item&quot;:{&quot;unit&quot;:&quot;px&quot;,&quot;size&quot;:&quot;220&quot;,&quot;sizes&quot;:[]},&quot;width_dropdown_item_tablet&quot;:{&quot;unit&quot;:&quot;px&quot;,&quot;size&quot;:&quot;&quot;,&quot;sizes&quot;:[]},&quot;width_dropdown_item_mobile&quot;:{&quot;unit&quot;:&quot;px&quot;,&quot;size&quot;:&quot;&quot;,&quot;sizes&quot;:[]},&quot;padding_horizontal_dropdown_item&quot;:{&quot;unit&quot;:&quot;px&quot;,&quot;size&quot;:&quot;&quot;,&quot;sizes&quot;:[]},&quot;padding_horizontal_dropdown_item_tablet&quot;:{&quot;unit&quot;:&quot;px&quot;,&quot;size&quot;:&quot;&quot;,&quot;sizes&quot;:[]},&quot;padding_horizontal_dropdown_item_mobile&quot;:{&quot;unit&quot;:&quot;px&quot;,&quot;size&quot;:&quot;&quot;,&quot;sizes&quot;:[]},&quot;padding_vertical_dropdown_item&quot;:{&quot;unit&quot;:&quot;px&quot;,&quot;size&quot;:15,&quot;sizes&quot;:[]},&quot;padding_vertical_dropdown_item_tablet&quot;:{&quot;unit&quot;:&quot;px&quot;,&quot;size&quot;:&quot;&quot;,&quot;sizes&quot;:[]},&quot;padding_vertical_dropdown_item_mobile&quot;:{&quot;unit&quot;:&quot;px&quot;,&quot;size&quot;:&quot;&quot;,&quot;sizes&quot;:[]},&quot;distance_from_menu&quot;:{&quot;unit&quot;:&quot;px&quot;,&quot;size&quot;:&quot;&quot;,&quot;sizes&quot;:[]},&quot;distance_from_menu_tablet&quot;:{&quot;unit&quot;:&quot;px&quot;,&quot;size&quot;:&quot;&quot;,&quot;sizes&quot;:[]},&quot;distance_from_menu_mobile&quot;:{&quot;unit&quot;:&quot;px&quot;,&quot;size&quot;:&quot;&quot;,&quot;sizes&quot;:[]},&quot;toggle_size&quot;:{&quot;unit&quot;:&quot;px&quot;,&quot;size&quot;:&quot;&quot;,&quot;sizes&quot;:[]},&quot;toggle_size_tablet&quot;:{&quot;unit&quot;:&quot;px&quot;,&quot;size&quot;:&quot;&quot;,&quot;sizes&quot;:[]},&quot;toggle_size_mobile&quot;:{&quot;unit&quot;:&quot;px&quot;,&quot;size&quot;:&quot;&quot;,&quot;sizes&quot;:[]},&quot;toggle_border_width&quot;:{&quot;unit&quot;:&quot;px&quot;,&quot;size&quot;:&quot;&quot;,&quot;sizes&quot;:[]},&quot;toggle_border_width_tablet&quot;:{&quot;unit&quot;:&quot;px&quot;,&quot;size&quot;:&quot;&quot;,&quot;sizes&quot;:[]},&quot;toggle_border_width_mobile&quot;:{&quot;unit&quot;:&quot;px&quot;,&quot;size&quot;:&quot;&quot;,&quot;sizes&quot;:[]},&quot;toggle_border_radius&quot;:{&quot;unit&quot;:&quot;px&quot;,&quot;size&quot;:&quot;&quot;,&quot;sizes&quot;:[]},&quot;toggle_border_radius_tablet&quot;:{&quot;unit&quot;:&quot;px&quot;,&quot;size&quot;:&quot;&quot;,&quot;sizes&quot;:[]},&quot;toggle_border_radius_mobile&quot;:{&quot;unit&quot;:&quot;px&quot;,&quot;size&quot;:&quot;&quot;,&quot;sizes&quot;:[]}}\" data-widget_type=\"navigation-menu.default\">\n\t\t\t\t<div class=\"elementor-widget-container\">\n\t\t\t\t\t\t\t\t<div class=\"hfe-nav-menu hfe-layout-horizontal hfe-nav-menu-layout horizontal hfe-pointer__none\" data-layout=\"horizontal\">\n\t\t\t\t<div role=\"button\" class=\"hfe-nav-menu__toggle elementor-clickable\" tabindex=\"0\" aria-label=\"Menu Toggle\">\n\t\t\t\t\t<span class=\"screen-reader-text\">Menu<\/span>\n\t\t\t\t\t<div class=\"hfe-nav-menu-icon\">\n\t\t\t\t\t\t<i aria-hidden=\"true\"  class=\"fas fa-align-justify\"><\/i>\t\t\t\t\t<\/div>\n\t\t\t\t<\/div>\n\t\t\t\t<nav itemscope=\"itemscope\" itemtype=\"https:\/\/schema.org\/SiteNavigationElement\" class=\"hfe-nav-menu__layout-horizontal hfe-nav-menu__submenu-arrow\" data-toggle-icon=\"&lt;i aria-hidden=&quot;true&quot; tabindex=&quot;0&quot; class=&quot;fas fa-align-justify&quot;&gt;&lt;\/i&gt;\" data-close-icon=\"&lt;i aria-hidden=&quot;true&quot; tabindex=&quot;0&quot; class=&quot;far fa-window-close&quot;&gt;&lt;\/i&gt;\" data-full-width=\"\">\n\t\t\t\t\t<ul id=\"menu-1-5ff88d3\" class=\"hfe-nav-menu\"><li id=\"menu-item-437\" itemprop=\"name\" class=\"menu-item menu-item-type-post_type menu-item-object-page menu-item-home parent hfe-creative-menu\"><a href=\"https:\/\/aquamedica.mx\/aqua2\/\" itemprop=\"url\" class = \"hfe-menu-item\">Inicio<\/a><\/li>\n<li id=\"menu-item-448\" itemprop=\"name\" class=\"menu-item menu-item-type-post_type menu-item-object-page parent hfe-creative-menu\"><a href=\"https:\/\/aquamedica.mx\/aqua2\/nosotros\/\" itemprop=\"url\" class = \"hfe-menu-item\">Nosotros<\/a><\/li>\n<li id=\"menu-item-873\" itemprop=\"name\" class=\"menu-item menu-item-type-custom menu-item-object-custom menu-item-has-children parent hfe-has-submenu hfe-creative-menu\"><div class=\"hfe-has-submenu-container\" tabindex=\"0\" role=\"button\" aria-haspopup=\"true\" aria-expanded=\"false\"><a itemprop=\"url\" class = \"hfe-menu-item\">Productos<span class='hfe-menu-toggle sub-arrow hfe-menu-child-0'><i class='fa'><\/i><\/span><\/a><\/div>\n<ul class=\"sub-menu\">\n\t<li id=\"menu-item-447\" itemprop=\"name\" class=\"menu-item menu-item-type-post_type menu-item-object-page hfe-creative-menu\"><a href=\"https:\/\/aquamedica.mx\/aqua2\/aquacid\/\" itemprop=\"url\" class = \"hfe-sub-menu-item\">AQUACID<\/a><\/li>\n\t<li id=\"menu-item-446\" itemprop=\"name\" class=\"menu-item menu-item-type-post_type menu-item-object-page hfe-creative-menu\"><a href=\"https:\/\/aquamedica.mx\/aqua2\/quabic\/\" itemprop=\"url\" class = \"hfe-sub-menu-item\">QUABIC<\/a><\/li>\n\t<li id=\"menu-item-445\" itemprop=\"name\" class=\"menu-item menu-item-type-post_type menu-item-object-page hfe-creative-menu\"><a href=\"https:\/\/aquamedica.mx\/aqua2\/aquacetic\/\" itemprop=\"url\" class = \"hfe-sub-menu-item\">AQUACETIC<\/a><\/li>\n\t<li id=\"menu-item-444\" itemprop=\"name\" class=\"menu-item menu-item-type-post_type menu-item-object-page hfe-creative-menu\"><a href=\"https:\/\/aquamedica.mx\/aqua2\/citracid\/\" itemprop=\"url\" class = \"hfe-sub-menu-item\">CITRACID<\/a><\/li>\n\t<li id=\"menu-item-443\" itemprop=\"name\" class=\"menu-item menu-item-type-post_type menu-item-object-page hfe-creative-menu\"><a href=\"https:\/\/aquamedica.mx\/aqua2\/x-teril-10\/\" itemprop=\"url\" class = \"hfe-sub-menu-item\">X-TERIL 10<\/a><\/li>\n\t<li id=\"menu-item-442\" itemprop=\"name\" class=\"menu-item menu-item-type-post_type menu-item-object-page hfe-creative-menu\"><a href=\"https:\/\/aquamedica.mx\/aqua2\/dry-cid\/\" itemprop=\"url\" class = \"hfe-sub-menu-item\">DRY-CID<\/a><\/li>\n\t<li id=\"menu-item-441\" itemprop=\"name\" class=\"menu-item menu-item-type-post_type menu-item-object-page hfe-creative-menu\"><a href=\"https:\/\/aquamedica.mx\/aqua2\/x-teril-gel\/\" itemprop=\"url\" class = \"hfe-sub-menu-item\">X-TERIL GEL<\/a><\/li>\n\t<li id=\"menu-item-1280\" itemprop=\"name\" class=\"menu-item menu-item-type-post_type menu-item-object-page hfe-creative-menu\"><a href=\"https:\/\/aquamedica.mx\/aqua2\/catalogo\/\" itemprop=\"url\" class = \"hfe-sub-menu-item\">CAT\u00c1LOGO<\/a><\/li>\n<\/ul>\n<\/li>\n<li id=\"menu-item-439\" itemprop=\"name\" class=\"menu-item menu-item-type-post_type menu-item-object-page parent hfe-creative-menu\"><a href=\"https:\/\/aquamedica.mx\/aqua2\/certificaciones\/\" itemprop=\"url\" class = \"hfe-menu-item\">Certificaciones<\/a><\/li>\n<li id=\"menu-item-451\" itemprop=\"name\" class=\"menu-item menu-item-type-post_type menu-item-object-page menu-item-privacy-policy parent hfe-creative-menu\"><a href=\"https:\/\/aquamedica.mx\/aqua2\/politicas\/\" itemprop=\"url\" class = \"hfe-menu-item\">Pol\u00edticas<\/a><\/li>\n<li id=\"menu-item-440\" itemprop=\"name\" class=\"menu-item menu-item-type-post_type menu-item-object-page parent hfe-creative-menu\"><a href=\"https:\/\/aquamedica.mx\/aqua2\/instalaciones\/\" itemprop=\"url\" class = \"hfe-menu-item\">Instalaciones<\/a><\/li>\n<li id=\"menu-item-449\" itemprop=\"name\" class=\"menu-item menu-item-type-post_type menu-item-object-page parent hfe-creative-menu\"><a href=\"https:\/\/aquamedica.mx\/aqua2\/contacto\/\" itemprop=\"url\" class = \"hfe-menu-item\">Contacto<\/a><\/li>\n<\/ul> \n\t\t\t\t<\/nav>\n\t\t\t<\/div>\n\t\t\t\t\t\t\t<\/div>\n\t\t\t\t<\/div>\n\t\t\t\t<\/div>\n\t\t\t\t<\/div>\n\t\t<div class=\"elementor-element elementor-element-7bd89fe e-con-full e-flex e-con e-parent\" data-id=\"7bd89fe\" data-element_type=\"container\">\n\t\t\t\t<div class=\"elementor-element elementor-element-d31d925 elementor-widget elementor-widget-image\" data-id=\"d31d925\" data-element_type=\"widget\" data-widget_type=\"image.default\">\n\t\t\t\t<div class=\"elementor-widget-container\">\n\t\t\t\t\t\t\t\t\t\t\t\t\t\t\t<img decoding=\"async\" width=\"2560\" height=\"965\" src=\"https:\/\/aquamedica.mx\/aqua2\/wp-content\/uploads\/2023\/08\/Banner-Catalogo-scaled.jpg\" class=\"attachment-full size-full wp-image-1749\" alt=\"\" srcset=\"https:\/\/aquamedica.mx\/aqua2\/wp-content\/uploads\/2023\/08\/Banner-Catalogo-scaled.jpg 2560w, https:\/\/aquamedica.mx\/aqua2\/wp-content\/uploads\/2023\/08\/Banner-Catalogo-300x113.jpg 300w, https:\/\/aquamedica.mx\/aqua2\/wp-content\/uploads\/2023\/08\/Banner-Catalogo-1024x386.jpg 1024w, https:\/\/aquamedica.mx\/aqua2\/wp-content\/uploads\/2023\/08\/Banner-Catalogo-768x290.jpg 768w, https:\/\/aquamedica.mx\/aqua2\/wp-content\/uploads\/2023\/08\/Banner-Catalogo-1536x579.jpg 1536w, https:\/\/aquamedica.mx\/aqua2\/wp-content\/uploads\/2023\/08\/Banner-Catalogo-2048x772.jpg 2048w\" sizes=\"(max-width: 2560px) 100vw, 2560px\" \/>\t\t\t\t\t\t\t\t\t\t\t\t\t\t\t<\/div>\n\t\t\t\t<\/div>\n\t\t\t\t<\/div>\n\t\t<div class=\"elementor-element elementor-element-64307e8 e-con-full e-flex e-con e-parent\" data-id=\"64307e8\" data-element_type=\"container\">\n\t\t\t\t<div class=\"elementor-element elementor-element-e7bcfab elementor-widget elementor-widget-image\" data-id=\"e7bcfab\" data-element_type=\"widget\" data-widget_type=\"image.default\">\n\t\t\t\t<div class=\"elementor-widget-container\">\n\t\t\t\t\t\t\t\t\t\t\t\t\t\t\t<img decoding=\"async\" width=\"1978\" height=\"2560\" src=\"https:\/\/aquamedica.mx\/aqua2\/wp-content\/uploads\/2025\/09\/CATALOGO2_2025-scaled.jpg\" class=\"attachment-full size-full wp-image-2818\" alt=\"\" srcset=\"https:\/\/aquamedica.mx\/aqua2\/wp-content\/uploads\/2025\/09\/CATALOGO2_2025-scaled.jpg 1978w, https:\/\/aquamedica.mx\/aqua2\/wp-content\/uploads\/2025\/09\/CATALOGO2_2025-232x300.jpg 232w, https:\/\/aquamedica.mx\/aqua2\/wp-content\/uploads\/2025\/09\/CATALOGO2_2025-791x1024.jpg 791w, https:\/\/aquamedica.mx\/aqua2\/wp-content\/uploads\/2025\/09\/CATALOGO2_2025-768x994.jpg 768w, https:\/\/aquamedica.mx\/aqua2\/wp-content\/uploads\/2025\/09\/CATALOGO2_2025-1187x1536.jpg 1187w, https:\/\/aquamedica.mx\/aqua2\/wp-content\/uploads\/2025\/09\/CATALOGO2_2025-1583x2048.jpg 1583w\" sizes=\"(max-width: 1978px) 100vw, 1978px\" \/>\t\t\t\t\t\t\t\t\t\t\t\t\t\t\t<\/div>\n\t\t\t\t<\/div>\n\t\t\t\t<\/div>\n\t\t<div class=\"elementor-element elementor-element-161653a e-flex e-con-boxed e-con e-parent\" data-id=\"161653a\" data-element_type=\"container\">\n\t\t\t\t\t<div class=\"e-con-inner\">\n\t\t\t\t<div class=\"elementor-element elementor-element-4656591 elementor-widget elementor-widget-spacer\" data-id=\"4656591\" data-element_type=\"widget\" data-widget_type=\"spacer.default\">\n\t\t\t\t<div class=\"elementor-widget-container\">\n\t\t\t\t\t\t\t<div class=\"elementor-spacer\">\n\t\t\t<div class=\"elementor-spacer-inner\"><\/div>\n\t\t<\/div>\n\t\t\t\t\t\t<\/div>\n\t\t\t\t<\/div>\n\t\t\t\t\t<\/div>\n\t\t\t\t<\/div>\n\t\t<div class=\"elementor-element elementor-element-279d46e8 e-con-full e-flex e-con e-parent\" data-id=\"279d46e8\" data-element_type=\"container\" data-settings=\"{&quot;background_background&quot;:&quot;classic&quot;}\">\n\t\t\t\t<div class=\"elementor-element elementor-element-32836a6b elementor-widget elementor-widget-spacer\" data-id=\"32836a6b\" data-element_type=\"widget\" data-widget_type=\"spacer.default\">\n\t\t\t\t<div class=\"elementor-widget-container\">\n\t\t\t\t\t\t\t<div class=\"elementor-spacer\">\n\t\t\t<div class=\"elementor-spacer-inner\"><\/div>\n\t\t<\/div>\n\t\t\t\t\t\t<\/div>\n\t\t\t\t<\/div>\n\t\t\t\t<div class=\"elementor-element elementor-element-13e45cf9 elementor-widget elementor-widget-heading\" data-id=\"13e45cf9\" data-element_type=\"widget\" data-widget_type=\"heading.default\">\n\t\t\t\t<div class=\"elementor-widget-container\">\n\t\t\t\t\t<h2 class=\"elementor-heading-title elementor-size-default\">\u00bfDeseas conocer m\u00e1s? Ll\u00e1manos <b>(735) 30 145 65<\/b><\/h2>\t\t\t\t<\/div>\n\t\t\t\t<\/div>\n\t\t\t\t<div class=\"elementor-element elementor-element-212dc798 elementor-widget elementor-widget-spacer\" data-id=\"212dc798\" data-element_type=\"widget\" data-widget_type=\"spacer.default\">\n\t\t\t\t<div class=\"elementor-widget-container\">\n\t\t\t\t\t\t\t<div class=\"elementor-spacer\">\n\t\t\t<div class=\"elementor-spacer-inner\"><\/div>\n\t\t<\/div>\n\t\t\t\t\t\t<\/div>\n\t\t\t\t<\/div>\n\t\t\t\t<\/div>\n\t\t<div class=\"elementor-element elementor-element-15e7f9fe e-flex e-con-boxed e-con e-parent\" data-id=\"15e7f9fe\" data-element_type=\"container\" data-settings=\"{&quot;background_background&quot;:&quot;classic&quot;}\">\n\t\t\t\t\t<div class=\"e-con-inner\">\n\t\t<div class=\"elementor-element elementor-element-b032a8a e-con-full e-flex e-con e-child\" data-id=\"b032a8a\" data-element_type=\"container\" data-settings=\"{&quot;background_background&quot;:&quot;classic&quot;}\">\n\t\t\t\t<div class=\"elementor-element elementor-element-64c8ea25 elementor-widget elementor-widget-heading\" data-id=\"64c8ea25\" data-element_type=\"widget\" data-widget_type=\"heading.default\">\n\t\t\t\t<div class=\"elementor-widget-container\">\n\t\t\t\t\t<h2 class=\"elementor-heading-title elementor-size-default\">Encu\u00e9ntranos en:\n<\/h2>\t\t\t\t<\/div>\n\t\t\t\t<\/div>\n\t\t\t\t<div class=\"elementor-element elementor-element-7d540ad3 elementor-widget elementor-widget-text-editor\" data-id=\"7d540ad3\" data-element_type=\"widget\" data-widget_type=\"text-editor.default\">\n\t\t\t\t<div class=\"elementor-widget-container\">\n\t\t\t\t\t\t\t\t\t<p>Carretera Federal<br \/>M\u00e9xico-Cuautla km 65.8<br \/>No. 8, Col. Tetelcingo,<br \/>62757 Cuautla, Morelos M\u00e9xico<\/p>\t\t\t\t\t\t\t\t<\/div>\n\t\t\t\t<\/div>\n\t\t\t\t<div class=\"elementor-element elementor-element-4f41ba66 elementor-align-left elementor-widget elementor-widget-button\" data-id=\"4f41ba66\" data-element_type=\"widget\" data-widget_type=\"button.default\">\n\t\t\t\t<div class=\"elementor-widget-container\">\n\t\t\t\t\t\t\t\t\t<div class=\"elementor-button-wrapper\">\n\t\t\t\t\t<a class=\"elementor-button elementor-button-link elementor-size-sm\" href=\"https:\/\/aquamedica.mx\/aqua2\/contacto\/\">\n\t\t\t\t\t\t<span class=\"elementor-button-content-wrapper\">\n\t\t\t\t\t\t\t\t\t<span class=\"elementor-button-text\">Cont\u00e1ctanos<\/span>\n\t\t\t\t\t<\/span>\n\t\t\t\t\t<\/a>\n\t\t\t\t<\/div>\n\t\t\t\t\t\t\t\t<\/div>\n\t\t\t\t<\/div>\n\t\t\t\t<\/div>\n\t\t<div class=\"elementor-element elementor-element-74e44f48 e-con-full e-flex e-con e-child\" data-id=\"74e44f48\" data-element_type=\"container\">\n\t\t\t\t<div class=\"elementor-element elementor-element-6bfb9260 elementor-widget elementor-widget-heading\" data-id=\"6bfb9260\" data-element_type=\"widget\" data-widget_type=\"heading.default\">\n\t\t\t\t<div class=\"elementor-widget-container\">\n\t\t\t\t\t<h2 class=\"elementor-heading-title elementor-size-default\">Enlaces r\u00e1pidos<\/h2>\t\t\t\t<\/div>\n\t\t\t\t<\/div>\n\t\t\t\t<div class=\"elementor-element elementor-element-5983e7f8 elementor-widget elementor-widget-text-editor\" data-id=\"5983e7f8\" data-element_type=\"widget\" data-widget_type=\"text-editor.default\">\n\t\t\t\t<div class=\"elementor-widget-container\">\n\t\t\t\t\t\t\t\t\t<ul class=\"gutenify-section-8aea9ae0-0a01-11ee-b5ec-975dde1b21b7\"><li class=\"gutenify-section-8ae01390-0a01-11ee-b5ec-975dde1b21b7\"><span style=\"color: #ffffff;\"><a style=\"color: #ffffff;\" href=\"https:\/\/aquamedica.mx\/aqua2\/nosotros\/\">Nosotros<\/a><\/span><\/li><li class=\"gutenify-section-8ae45950-0a01-11ee-b5ec-975dde1b21b7\"><span style=\"color: #ffffff;\"><a style=\"color: #ffffff;\" href=\"https:\/\/aquamedica.mx\/aqua2\/politicas\/\">Pol\u00edticas<\/a><\/span><\/li><li class=\"gutenify-section-8ae89f10-0a01-11ee-b5ec-975dde1b21b7\" style=\"font-size: 16px;\"><a style=\"color: #ffffff;\" href=\"https:\/\/aquamedica.mx\/aqua2\/certificaciones\/\">Certificaciones<\/a><\/li><li class=\"gutenify-section-8ae65520-0a01-11ee-b5ec-975dde1b21b7\"><span style=\"color: #ffffff;\"><a style=\"color: #ffffff;\" href=\"https:\/\/aquamedica.mx\/aqua2\/instalaciones\/\">Instalaciones<\/a><\/span><\/li><li class=\"gutenify-section-8ae89f10-0a01-11ee-b5ec-975dde1b21b7\"><span style=\"color: #ffffff;\"><a style=\"color: #ffffff;\" href=\"https:\/\/aquamedica.mx\/aqua2\/contacto\/\">Contacto<\/a><\/span><\/li><\/ul>\t\t\t\t\t\t\t\t<\/div>\n\t\t\t\t<\/div>\n\t\t\t\t<\/div>\n\t\t<div class=\"elementor-element elementor-element-4ce0cd28 e-con-full e-flex e-con e-child\" data-id=\"4ce0cd28\" data-element_type=\"container\">\n\t\t\t\t<\/div>\n\t\t<div class=\"elementor-element elementor-element-2752d381 e-con-full e-flex e-con e-child\" data-id=\"2752d381\" data-element_type=\"container\">\n\t\t\t\t<div class=\"elementor-element elementor-element-7e7203e elementor-widget elementor-widget-heading\" data-id=\"7e7203e\" data-element_type=\"widget\" data-widget_type=\"heading.default\">\n\t\t\t\t<div class=\"elementor-widget-container\">\n\t\t\t\t\t<h2 class=\"elementor-heading-title elementor-size-default\">Contacto<\/h2>\t\t\t\t<\/div>\n\t\t\t\t<\/div>\n\t\t\t\t<div class=\"elementor-element elementor-element-248d5ba1 elementor-widget elementor-widget-text-editor\" data-id=\"248d5ba1\" data-element_type=\"widget\" data-widget_type=\"text-editor.default\">\n\t\t\t\t<div class=\"elementor-widget-container\">\n\t\t\t\t\t\t\t\t\t<div class=\"wp-block-group gutenify-section-8b0a7ef0-0a01-11ee-b5ec-975dde1b21b7 is-nowrap is-layout-flex wp-container-96\">\n<figure class=\"wp-block-image size-full vertical-aligmiddle gutenify-section-8b063930-0a01-11ee-b5ec-975dde1b21b7\"><img decoding=\"async\" class=\"wp-image-4155\" src=\"https:\/\/demo.gutenify.com\/gutenify-logistics\/wp-content\/themes\/gutenify-logistics\/images\/icon-envelope.png\" alt=\"\"><\/figure>\n<p class=\"has-outfit-font-family gutenify-section-8b085c10-0a01-11ee-b5ec-975dde1b21b7\">aqua@aquamedica.com.mx<\/p>\n<\/div>\n<div class=\"wp-block-group gutenify-section-8b1135b0-0a01-11ee-b5ec-975dde1b21b7 is-nowrap is-layout-flex wp-container-97\">\n<p class=\"has-outfit-font-family has-small-font-size gutenify-section-8b0eebc0-0a01-11ee-b5ec-975dde1b21b7\"><img decoding=\"async\" class=\"wp-image-4297\" src=\"https:\/\/demo.gutenify.com\/gutenify-logistics\/wp-content\/themes\/gutenify-logistics\/images\/icon-phone.png\" alt=\"\">(735) 30 145 65<br><br><\/p>\n<\/div>\t\t\t\t\t\t\t\t<\/div>\n\t\t\t\t<\/div>\n\t\t\t\t<div class=\"elementor-element elementor-element-621f977c elementor-widget elementor-widget-heading\" data-id=\"621f977c\" data-element_type=\"widget\" data-widget_type=\"heading.default\">\n\t\t\t\t<div class=\"elementor-widget-container\">\n\t\t\t\t\t<h2 class=\"elementor-heading-title elementor-size-default\">Horario laboral<\/h2>\t\t\t\t<\/div>\n\t\t\t\t<\/div>\n\t\t\t\t<div class=\"elementor-element elementor-element-717985b4 elementor-widget elementor-widget-text-editor\" data-id=\"717985b4\" data-element_type=\"widget\" data-widget_type=\"text-editor.default\">\n\t\t\t\t<div class=\"elementor-widget-container\">\n\t\t\t\t\t\t\t\t\t<figure class=\"wp-block-image size-full vertical-aligmiddle gutenify-section-8b135890-0a01-11ee-b5ec-975dde1b21b7\"><img decoding=\"async\" class=\"wp-image-4300\" src=\"https:\/\/demo.gutenify.com\/gutenify-logistics\/wp-content\/themes\/gutenify-logistics\/images\/icon-clock.png\" alt=\"\" \/> <img decoding=\"async\" class=\"wp-image-4300\" src=\"https:\/\/demo.gutenify.com\/gutenify-logistics\/wp-content\/themes\/gutenify-logistics\/images\/icon-clock.png\" alt=\"\" \/> 8:30 h a 18:00 h<\/figure>\t\t\t\t\t\t\t\t<\/div>\n\t\t\t\t<\/div>\n\t\t\t\t<\/div>\n\t\t\t\t\t<\/div>\n\t\t\t\t<\/div>\n\t\t<div class=\"elementor-element elementor-element-76d4ac76 e-flex e-con-boxed e-con e-parent\" data-id=\"76d4ac76\" data-element_type=\"container\" data-settings=\"{&quot;background_background&quot;:&quot;classic&quot;}\">\n\t\t\t\t\t<div class=\"e-con-inner\">\n\t\t\t\t<div class=\"elementor-element elementor-element-3a8a34d1 elementor-widget elementor-widget-spacer\" data-id=\"3a8a34d1\" data-element_type=\"widget\" data-widget_type=\"spacer.default\">\n\t\t\t\t<div class=\"elementor-widget-container\">\n\t\t\t\t\t\t\t<div class=\"elementor-spacer\">\n\t\t\t<div class=\"elementor-spacer-inner\"><\/div>\n\t\t<\/div>\n\t\t\t\t\t\t<\/div>\n\t\t\t\t<\/div>\n\t\t\t\t\t<\/div>\n\t\t\t\t<\/div>\n\t\t<div class=\"elementor-element elementor-element-30d9f18e e-flex e-con-boxed e-con e-parent\" data-id=\"30d9f18e\" data-element_type=\"container\" data-settings=\"{&quot;background_background&quot;:&quot;classic&quot;}\">\n\t\t\t\t\t<div class=\"e-con-inner\">\n\t\t\t\t<div class=\"elementor-element elementor-element-26092585 elementor-widget elementor-widget-heading\" data-id=\"26092585\" data-element_type=\"widget\" data-widget_type=\"heading.default\">\n\t\t\t\t<div class=\"elementor-widget-container\">\n\t\t\t\t\t<h2 class=\"elementor-heading-title elementor-size-default\">Copyrigth \u00a9 2023 Todos los derechos reservados<\/h2>\t\t\t\t<\/div>\n\t\t\t\t<\/div>\n\t\t\t\t\t<\/div>\n\t\t\t\t<\/div>\n\t\t\t\t<\/div>\n\t\t","protected":false},"excerpt":{"rendered":"<p>Menu Inicio Nosotros Productos AQUACID QUABIC AQUACETIC CITRACID X-TERIL 10 DRY-CID X-TERIL GEL CAT\u00c1LOGO Certificaciones Pol\u00edticas Instalaciones Contacto \u00bfDeseas conocer m\u00e1s? Ll\u00e1manos (735) 30 145 65 Encu\u00e9ntranos en: Carretera FederalM\u00e9xico-Cuautla km 65.8No. 8, Col. Tetelcingo,62757 Cuautla, Morelos M\u00e9xico Cont\u00e1ctanos Enlaces r\u00e1pidos Nosotros Pol\u00edticas Certificaciones Instalaciones Contacto Contacto aqua@aquamedica.com.mx (735) 30 145 65 Horario laboral 8:30 [&hellip;]<\/p>\n","protected":false},"author":1,"featured_media":0,"parent":0,"menu_order":0,"comment_status":"closed","ping_status":"closed","template":"elementor_canvas","meta":{"footnotes":""},"class_list":["post-342","page","type-page","status-publish","hentry"],"_links":{"self":[{"href":"https:\/\/aquamedica.mx\/aqua2\/wp-json\/wp\/v2\/pages\/342","targetHints":{"allow":["GET"]}}],"collection":[{"href":"https:\/\/aquamedica.mx\/aqua2\/wp-json\/wp\/v2\/pages"}],"about":[{"href":"https:\/\/aquamedica.mx\/aqua2\/wp-json\/wp\/v2\/types\/page"}],"author":[{"embeddable":true,"href":"https:\/\/aquamedica.mx\/aqua2\/wp-json\/wp\/v2\/users\/1"}],"replies":[{"embeddable":true,"href":"https:\/\/aquamedica.mx\/aqua2\/wp-json\/wp\/v2\/comments?post=342"}],"version-history":[{"count":57,"href":"https:\/\/aquamedica.mx\/aqua2\/wp-json\/wp\/v2\/pages\/342\/revisions"}],"predecessor-version":[{"id":3012,"href":"https:\/\/aquamedica.mx\/aqua2\/wp-json\/wp\/v2\/pages\/342\/revisions\/3012"}],"wp:attachment":[{"href":"https:\/\/aquamedica.mx\/aqua2\/wp-json\/wp\/v2\/media?parent=342"}],"curies":[{"name":"wp","href":"https:\/\/api.w.org\/{rel}","templated":true}]}}